{"id":119,"date":"2023-03-12T17:08:57","date_gmt":"2023-03-12T17:08:57","guid":{"rendered":"https:\/\/evoltour.com\/?page_id=119"},"modified":"2024-07-13T05:52:43","modified_gmt":"2024-07-13T05:52:43","slug":"home","status":"publish","type":"page","link":"https:\/\/evoltour.com\/","title":{"rendered":"HOME"},"content":{"rendered":"\t\t<div data-elementor-type=\"wp-page\" data-elementor-id=\"119\" class=\"elementor elementor-119\">\n\t\t\t\t\t\t\t\t\t<section class=\"elementor-section elementor-top-section elementor-element elementor-element-3e5e92a elementor-section-boxed elementor-section-height-default elementor-section-height-default\" data-id=\"3e5e92a\" data-element_type=\"section\" data-settings=\"{&quot;jet_parallax_layout_list&quot;:[]}\">\n\t\t\t\t\t\t<div class=\"elementor-container elementor-column-gap-default\">\n\t\t\t\t\t<div class=\"elementor-column elementor-col-100 elementor-top-column elementor-element elementor-element-3e3058b\" data-id=\"3e3058b\" data-element_type=\"column\">\n\t\t\t<div class=\"elementor-widget-wrap elementor-element-populated\">\n\t\t\t\t\t\t\t\t<div class=\"elementor-element elementor-element-32b7f3fb elementor-widget elementor-widget-text-editor\" data-id=\"32b7f3fb\" data-element_type=\"widget\" data-widget_type=\"text-editor.default\">\n\t\t\t\t<div class=\"elementor-widget-container\">\n\t\t\t<style>\/*! elementor - v3.11.2 - 05-03-2023 *\/\n.elementor-widget-text-editor.elementor-drop-cap-view-stacked .elementor-drop-cap{background-color:#69727d;color:#fff}.elementor-widget-text-editor.elementor-drop-cap-view-framed .elementor-drop-cap{color:#69727d;border:3px solid;background-color:transparent}.elementor-widget-text-editor:not(.elementor-drop-cap-view-default) .elementor-drop-cap{margin-top:8px}.elementor-widget-text-editor:not(.elementor-drop-cap-view-default) .elementor-drop-cap-letter{width:1em;height:1em}.elementor-widget-text-editor .elementor-drop-cap{float:left;text-align:center;line-height:1;font-size:50px}.elementor-widget-text-editor .elementor-drop-cap-letter{display:inline-block}<\/style>\t\t\t\t<p><strong><span style=\"color: #000000;\">[vc_section][vc_row full_width=\u00bbstretch_row\u00bb][vc_column]\n\t\t\t<!-- START SliderInicio REVOLUTION SLIDER 6.6.5 --><p class=\"rs-p-wp-fix\"><\/p>\n\t\t\t<rs-module-wrap id=\"rev_slider_3_1_wrapper\" data-source=\"gallery\" style=\"visibility:hidden;background:#5ac8fa;padding:0;\">\n\t\t\t\t<rs-module id=\"rev_slider_3_1\" style=\"\" data-version=\"6.6.5\">\n\t\t\t\t\t<rs-slides style=\"overflow: hidden; position: absolute;\">\n\t\t\t\t\t\t<rs-slide style=\"position: absolute;\" data-key=\"rs-3\" data-title=\"Home\" data-anim=\"f:center;\" data-in=\"o:0;sx:1.1;sy:1.1;m:true;row:30;col:30;\" data-out=\"a:false;\">\n\t\t\t\t\t\t\t<img decoding=\"async\" src=\"\/\/evoltour.com\/wp-content\/plugins\/revslider\/public\/assets\/assets\/dummy.png\" alt=\"\" title=\"Pueblo\" width=\"1000\" height=\"667\" class=\"rev-slidebg tp-rs-img rs-lazyload\" data-lazyload=\"\/\/evoltour.com\/wp-content\/uploads\/2023\/03\/Pueblo_.png\" data-no-retina>\n<!--\n\t\t\t\t\t\t\t--><rs-layer\n\t\t\t\t\t\t\t\tid=\"slider-3-slide-3-layer-0\" \n\t\t\t\t\t\t\t\tdata-type=\"text\"\n\t\t\t\t\t\t\t\tdata-color=\"#fff\"\n\t\t\t\t\t\t\t\tdata-tsh=\"c:rgba(0,0,0,0.75);h:5px,4px,3px,1px;b:10px,8px,6px,3px;\"\n\t\t\t\t\t\t\t\tdata-rsp_ch=\"on\"\n\t\t\t\t\t\t\t\tdata-xy=\"xo:600px,495px,13px,80px;yo:22px,18px,12px,57px;\"\n\t\t\t\t\t\t\t\tdata-text=\"w:normal;s:84,69,88,60;l:98,80,102,70;ls:-1,0,0,0;fw:500;\"\n\t\t\t\t\t\t\t\tdata-dim=\"w:auto,auto,452px,auto;minh:0,none,none,none;\"\n\t\t\t\t\t\t\t\tdata-border=\"bor:20px,20px,20px,20px;\"\n\t\t\t\t\t\t\t\tdata-frame_0=\"rY:360deg;\"\n\t\t\t\t\t\t\t\tdata-frame_1=\"e:back.out;st:50;sp:770;sR:50;\"\n\t\t\t\t\t\t\t\tdata-frame_999=\"o:1;st:w;sp:1750;sR:3680;\"\n\t\t\t\t\t\t\t\tdata-frame_999_chars=\"e:power4.inOut;d:10;y:0;o:0;rX:-90deg;oZ:-50;\"\n\t\t\t\t\t\t\t\tstyle=\"z-index:6;background:linear-gradient(120deg, rgba(252,252,252,1) 0%, rgba(252,252,252,1) 74%, rgba(29,98,240,1) 100%);font-family:'Poppins';text-transform:uppercase;\"\n\t\t\t\t\t\t\t> Evoltour  \n\t\t\t\t\t\t\t<\/rs-layer><!--\n\n\t\t\t\t\t\t\t--><a\n\t\t\t\t\t\t\t\tid=\"slider-3-slide-3-layer-1\" \n\t\t\t\t\t\t\t\tclass=\"rs-layer rev-btn\"\n\t\t\t\t\t\t\t\thref=\"https:\/\/api.whatsapp.com\/send?phone=573187010083&#038;text=Deseo%20una%20cotizaci%C3%B3n%20de%20viaje\" target=\"_self\"\n\t\t\t\t\t\t\t\tdata-type=\"button\"\n\t\t\t\t\t\t\t\tdata-color=\"#00014c\"\n\t\t\t\t\t\t\t\tdata-rsp_ch=\"on\"\n\t\t\t\t\t\t\t\tdata-xy=\"xo:405px,334px,162px,59px;yo:626px,516px,755px,535px;\"\n\t\t\t\t\t\t\t\tdata-text=\"w:normal;s:38,31,34,25;l:91,75,82,60;fw:500;\"\n\t\t\t\t\t\t\t\tdata-dim=\"minh:0,none,none,none;\"\n\t\t\t\t\t\t\t\tdata-padding=\"r:57,47,52,39;l:57,47,52,39;\"\n\t\t\t\t\t\t\t\tdata-border=\"bos:double;boc:#00153f;bow:1px,1px,1px,1px;bor:25px,25px,25px,25px;\"\n\t\t\t\t\t\t\t\tdata-frame_1=\"st:20;sp:1060;sR:20;\"\n\t\t\t\t\t\t\t\tdata-frame_999=\"o:0;st:w;sR:3420;\"\n\t\t\t\t\t\t\t\tdata-frame_hover=\"c:#fff;bgc:rgba(0,0,0,0);boc:rgba(255,255,255,0.75);bor:25px,25px,25px,25px;bos:solid;bow:1px,1px,1px,1px;e:power1.inOut;\"\n\t\t\t\t\t\t\t\tstyle=\"z-index:8;background-color:rgba(0,0,0,0);font-family:'Roboto';\"\n\t\t\t\t\t\t\t>CONT\u00c1CTANOS AHORA \n\t\t\t\t\t\t\t<\/a><!--\n\n\t\t\t\t\t\t\t--><rs-layer\n\t\t\t\t\t\t\t\tid=\"slider-3-slide-3-layer-2\" \n\t\t\t\t\t\t\t\tdata-type=\"image\"\n\t\t\t\t\t\t\t\tdata-rsp_ch=\"on\"\n\t\t\t\t\t\t\t\tdata-xy=\"xo:1053px,869px,472px,392px;yo:23px,16px,10px,54px;\"\n\t\t\t\t\t\t\t\tdata-text=\"w:normal;s:20,16,12,7;l:0,20,15,9;\"\n\t\t\t\t\t\t\t\tdata-dim=\"w:99px,90px,112px,79px;h:99px,90px,112px,79px;\"\n\t\t\t\t\t\t\t\tdata-frame_1=\"st:30;sp:810;sR:30;\"\n\t\t\t\t\t\t\t\tdata-frame_999=\"o:0;st:w;sR:3660;\"\n\t\t\t\t\t\t\t\tstyle=\"z-index:7;\"\n\t\t\t\t\t\t\t><img decoding=\"async\" src=\"\/\/evoltour.com\/wp-content\/plugins\/revslider\/public\/assets\/assets\/dummy.png\" alt=\"\" class=\"tp-rs-img rs-lazyload\" width=\"512\" height=\"512\" data-lazyload=\"\/\/evoltour.com\/wp-content\/uploads\/2023\/03\/avion.png\" data-no-retina> \n\t\t\t\t\t\t\t<\/rs-layer><!--\n-->\t\t\t\t\t\t<\/rs-slide>\n\t\t\t\t\t\t<rs-slide style=\"position: absolute;\" data-key=\"rs-5\" data-title=\"Traslado\" data-anim=\"f:random;\" data-in=\"prst:rndboxes;o:0;sx:1.1;sy:1.1;m:true;row:5;col:5;\" data-out=\"a:false;\">\n\t\t\t\t\t\t\t<img decoding=\"async\" src=\"\/\/evoltour.com\/wp-content\/plugins\/revslider\/public\/assets\/assets\/dummy.png\" alt=\"\" title=\"mini_van\" width=\"1000\" height=\"586\" class=\"rev-slidebg tp-rs-img rs-lazyload\" data-lazyload=\"\/\/evoltour.com\/wp-content\/uploads\/2023\/03\/mini_van.png\" data-no-retina>\n<!--\n\t\t\t\t\t\t\t--><rs-layer\n\t\t\t\t\t\t\t\tid=\"slider-3-slide-5-layer-4\" \n\t\t\t\t\t\t\t\tdata-type=\"text\"\n\t\t\t\t\t\t\t\tdata-color=\"#000000||#000000||#000000||#ffffff\"\n\t\t\t\t\t\t\t\tdata-rsp_ch=\"on\"\n\t\t\t\t\t\t\t\tdata-xy=\"xo:246px,203px,142px,22px;yo:213px,175px,135px,214px;\"\n\t\t\t\t\t\t\t\tdata-text=\"w:normal;s:18,14,10,13;l:23,18,13,16;\"\n\t\t\t\t\t\t\t\tdata-dim=\"w:180px,148px,112px,135px;\"\n\t\t\t\t\t\t\t\tdata-frame_999=\"o:0;st:w;\"\n\t\t\t\t\t\t\t\tstyle=\"z-index:7;font-family:'Roboto';\"\n\t\t\t\t\t\t\t>HASTA 7 PASAJEROS<br \/>\nCOP 220.000<br \/>\n \n\t\t\t\t\t\t\t<\/rs-layer><!--\n\n\t\t\t\t\t\t\t--><rs-layer\n\t\t\t\t\t\t\t\tid=\"slider-3-slide-5-layer-7\" \n\t\t\t\t\t\t\t\tdata-type=\"text\"\n\t\t\t\t\t\t\t\tdata-color=\"#000000||#000000||#000000||#ffffff\"\n\t\t\t\t\t\t\t\tdata-rsp_ch=\"on\"\n\t\t\t\t\t\t\t\tdata-xy=\"xo:439px,362px,263px,175px;yo:213px,175px,134px,214px;\"\n\t\t\t\t\t\t\t\tdata-text=\"w:normal;s:17,14,10,13;l:22,18,13,16;\"\n\t\t\t\t\t\t\t\tdata-frame_999=\"o:0;st:w;\"\n\t\t\t\t\t\t\t\tstyle=\"z-index:8;font-family:'Roboto';\"\n\t\t\t\t\t\t\t>HASTA  10 PASAJEROS <br \/>\nCOP  250.000 \n\t\t\t\t\t\t\t<\/rs-layer><!--\n\n\t\t\t\t\t\t\t--><rs-layer\n\t\t\t\t\t\t\t\tid=\"slider-3-slide-5-layer-8\" \n\t\t\t\t\t\t\t\tdata-type=\"text\"\n\t\t\t\t\t\t\t\tdata-color=\"#000000||#000000||#000000||#ffffff\"\n\t\t\t\t\t\t\t\tdata-rsp_ch=\"on\"\n\t\t\t\t\t\t\t\tdata-xy=\"xo:627px,517px,389px,324px;yo:212px,175px,135px,213px;\"\n\t\t\t\t\t\t\t\tdata-text=\"w:normal;s:16,13,9,13;l:21,17,12,16;\"\n\t\t\t\t\t\t\t\tdata-dim=\"w:176,145,110,153;\"\n\t\t\t\t\t\t\t\tdata-frame_999=\"o:0;st:w;\"\n\t\t\t\t\t\t\t\tstyle=\"z-index:7;font-family:'Roboto';\"\n\t\t\t\t\t\t\t>HASTA 14 PASAJEROS<br \/>\nCOP 300.000<br \/>\n \n\t\t\t\t\t\t\t<\/rs-layer><!--\n\n\t\t\t\t\t\t\t--><rs-layer\n\t\t\t\t\t\t\t\tid=\"slider-3-slide-5-layer-9\" \n\t\t\t\t\t\t\t\tdata-type=\"text\"\n\t\t\t\t\t\t\t\tdata-color=\"#fff\"\n\t\t\t\t\t\t\t\tdata-rsp_ch=\"on\"\n\t\t\t\t\t\t\t\tdata-xy=\"xo:309px,255px,141px,77px;yo:76px,62px,71px,112px;\"\n\t\t\t\t\t\t\t\tdata-text=\"w:normal;s:43,35,26,34;l:48,39,29,38;ls:-2,-1,0,0;fw:800;a:center;\"\n\t\t\t\t\t\t\t\tdata-dim=\"minh:0,none,none,none;\"\n\t\t\t\t\t\t\t\tdata-border=\"bor:15px,15px,15px,15px;\"\n\t\t\t\t\t\t\t\tdata-frame_0=\"rY:360deg;\"\n\t\t\t\t\t\t\t\tdata-frame_1=\"e:back.out;sp:500;\"\n\t\t\t\t\t\t\t\tdata-frame_999=\"o:0;st:w;\"\n\t\t\t\t\t\t\t\tstyle=\"z-index:5;background-color:#3f026d;font-family:'Poppins';\"\n\t\t\t\t\t\t\t>TRASLADO <br \/>\nAEROPUERTO HOTEL <br \/>\n \n\t\t\t\t\t\t\t<\/rs-layer><!--\n\n\t\t\t\t\t\t\t--><a\n\t\t\t\t\t\t\t\tid=\"slider-3-slide-5-layer-12\" \n\t\t\t\t\t\t\t\tclass=\"rs-layer rev-btn\"\n\t\t\t\t\t\t\t\thref=\"https:\/\/api.whatsapp.com\/send?phone=573187010083&#038;text=Deseo%20una%20cotizaci%C3%B3n%20de%20viaje\" target=\"_self\"\n\t\t\t\t\t\t\t\tdata-type=\"button\"\n\t\t\t\t\t\t\t\tdata-rsp_ch=\"on\"\n\t\t\t\t\t\t\t\tdata-xy=\"xo:49px,40px,-84px,-41px;yo:15px,12px,170px,339px;\"\n\t\t\t\t\t\t\t\tdata-text=\"w:normal;s:41,33,40,32;l:103,85,103,80;fw:500;\"\n\t\t\t\t\t\t\t\tdata-dim=\"minh:0,none,none,none;\"\n\t\t\t\t\t\t\t\tdata-padding=\"r:41,34,40,35;l:41,34,40,35;\"\n\t\t\t\t\t\t\t\tdata-border=\"bor:25px,25px,25px,25px;\"\n\t\t\t\t\t\t\t\tdata-frame_0=\"sX:0.9;sY:0.9;\"\n\t\t\t\t\t\t\t\tdata-frame_1=\"x:273px,225px,277px,124px;y:558px,460px,568px,258px;sp:1000;\"\n\t\t\t\t\t\t\t\tdata-frame_999=\"o:0;st:w;\"\n\t\t\t\t\t\t\t\tdata-frame_hover=\"c:#000;bgc:#fff;bor:25px,25px,25px,25px;sp:200;e:power1.inOut;\"\n\t\t\t\t\t\t\t\tstyle=\"z-index:6;background-color:rgba(0,0,0,1);font-family:'Roboto';\"\n\t\t\t\t\t\t\t>Cont\u00e1ctanos Aqu\u00ed  \n\t\t\t\t\t\t\t<\/a><!--\n-->\t\t\t\t\t\t<\/rs-slide>\n\t\t\t\t\t\t<rs-slide style=\"position: absolute;\" data-key=\"rs-4\" data-title=\"Presentacion\" data-anim=\"e:slidingoverlay;ms:2000;\" data-in=\"o:1;x:(100%);\" data-out=\"a:false;\">\n\t\t\t\t\t\t\t<img decoding=\"async\" src=\"\/\/evoltour.com\/wp-content\/plugins\/revslider\/public\/assets\/assets\/dummy.png\" alt=\"\" title=\"Lago_guatape\" width=\"1000\" height=\"563\" class=\"rev-slidebg tp-rs-img rs-lazyload\" data-lazyload=\"\/\/evoltour.com\/wp-content\/uploads\/2023\/03\/Lago_.png\" data-no-retina>\n<!--\n\t\t\t\t\t\t\t--><rs-layer\n\t\t\t\t\t\t\t\tid=\"slider-3-slide-4-layer-3\" \n\t\t\t\t\t\t\t\tdata-type=\"text\"\n\t\t\t\t\t\t\t\tdata-color=\"#fff\"\n\t\t\t\t\t\t\t\tdata-rsp_ch=\"on\"\n\t\t\t\t\t\t\t\tdata-xy=\"xo:787px,649px,493px,304px;yo:675px,557px,423px,260px;\"\n\t\t\t\t\t\t\t\tdata-text=\"w:normal;s:102,84,63,38;l:113,93,70,43;ls:-4,-3,-2,-1;fw:800;\"\n\t\t\t\t\t\t\t\tdata-dim=\"minh:0,none,none,none;\"\n\t\t\t\t\t\t\t\tdata-frame_999=\"o:0;st:w;\"\n\t\t\t\t\t\t\t\tstyle=\"z-index:5;background-color:#23164f;font-family:'Poppins';\"\n\t\t\t\t\t\t\t>Guatape \n\t\t\t\t\t\t\t<\/rs-layer><!--\n\n\t\t\t\t\t\t\t--><rs-layer\n\t\t\t\t\t\t\t\tid=\"slider-3-slide-4-layer-5\" \n\t\t\t\t\t\t\t\tdata-type=\"text\"\n\t\t\t\t\t\t\t\tdata-color=\"#fff\"\n\t\t\t\t\t\t\t\tdata-rsp_ch=\"on\"\n\t\t\t\t\t\t\t\tdata-xy=\"xo:167px,137px,104px,106px;yo:107px,88px,66px,45px;\"\n\t\t\t\t\t\t\t\tdata-text=\"w:normal;s:62,51,38,23;l:69,56,42,25;ls:-3,-2,-1,0;fw:700;a:center;\"\n\t\t\t\t\t\t\t\tdata-dim=\"minh:0,none,none,none;\"\n\t\t\t\t\t\t\t\tdata-border=\"bor:25px,25px,25px,25px;\"\n\t\t\t\t\t\t\t\tdata-frame_0=\"o:1;\"\n\t\t\t\t\t\t\t\tdata-frame_0_chars=\"d:5;x:ran(-250|250);y:ran(-150|150);sX:ran(0|1.5);sY:ran(0|1.5);rX:ran(-90|90);rY:ran(-90|90);rZ:ran(-90|90);\"\n\t\t\t\t\t\t\t\tdata-frame_1=\"e:power4.inOut;sp:1500;\"\n\t\t\t\t\t\t\t\tdata-frame_1_chars=\"dir:random;d:10;\"\n\t\t\t\t\t\t\t\tdata-frame_999=\"o:0;st:w;\"\n\t\t\t\t\t\t\t\tstyle=\"z-index:6;background-color:#34aadc;font-family:'Ubuntu';\"\n\t\t\t\t\t\t\t>TUS VACACIONES<br \/>\nANHELADAS \n\t\t\t\t\t\t\t<\/rs-layer><!--\n\n\t\t\t\t\t\t\t--><rs-layer\n\t\t\t\t\t\t\t\tid=\"slider-3-slide-4-layer-6\" \n\t\t\t\t\t\t\t\tdata-type=\"image\"\n\t\t\t\t\t\t\t\tdata-rsp_ch=\"on\"\n\t\t\t\t\t\t\t\tdata-xy=\"xo:614px,507px,385px,288px;yo:193px,159px,120px,77px;\"\n\t\t\t\t\t\t\t\tdata-text=\"w:normal;s:20,16,12,7;l:0,20,15,9;\"\n\t\t\t\t\t\t\t\tdata-dim=\"w:104px,85px,64px,39px;h:104px,85px,64px,39px;\"\n\t\t\t\t\t\t\t\tdata-frame_999=\"o:0;st:w;\"\n\t\t\t\t\t\t\t\tstyle=\"z-index:7;\"\n\t\t\t\t\t\t\t><img decoding=\"async\" src=\"\/\/evoltour.com\/wp-content\/plugins\/revslider\/public\/assets\/assets\/dummy.png\" alt=\"\" class=\"tp-rs-img rs-lazyload\" width=\"512\" height=\"512\" data-lazyload=\"\/\/evoltour.com\/wp-content\/uploads\/2023\/03\/despegar.png\" data-no-retina> \n\t\t\t\t\t\t\t<\/rs-layer><!--\n-->\t\t\t\t\t\t<\/rs-slide>\n\t\t\t\t\t\t<rs-slide style=\"position: absolute;\" data-key=\"rs-10\" data-title=\"Slide\" data-in=\"o:0;\" data-out=\"a:false;\">\n\t\t\t\t\t\t\t<img decoding=\"async\" src=\"\/\/evoltour.com\/wp-content\/plugins\/revslider\/public\/assets\/assets\/dummy.png\" alt=\"\" title=\"Medellin\" width=\"1000\" height=\"667\" class=\"rev-slidebg tp-rs-img rs-lazyload\" data-lazyload=\"\/\/evoltour.com\/wp-content\/uploads\/2023\/04\/Medellin_.png\" data-no-retina>\n<!--\n\t\t\t\t\t\t\t--><rs-layer\n\t\t\t\t\t\t\t\tid=\"slider-3-slide-10-layer-10\" \n\t\t\t\t\t\t\t\tdata-type=\"text\"\n\t\t\t\t\t\t\t\tdata-color=\"rgba(255, 255, 255, 0.76)||rgba(255, 255, 255, 0.76)||rgba(255, 255, 255, 0.76)||rgba(255, 255, 255, 0.81)\"\n\t\t\t\t\t\t\t\tdata-rsp_ch=\"on\"\n\t\t\t\t\t\t\t\tdata-xy=\"xo:263px,217px,164px,15px;yo:17px,14px,10px,74px;\"\n\t\t\t\t\t\t\t\tdata-text=\"w:normal;s:63,52,39,37;l:70,57,43,39;ls:-2,-1,0,0;fw:800;a:center;\"\n\t\t\t\t\t\t\t\tdata-dim=\"w:auto,auto,auto,444px;minh:0,none,none,none;\"\n\t\t\t\t\t\t\t\tdata-ford=\"frame_0;frame_1;frame_2;frame_999;\"\n\t\t\t\t\t\t\t\tdata-frame_999=\"o:0;st:w;\"\n\t\t\t\t\t\t\t\tdata-frame_2=\"oX:50%;oY:50%;oZ:0;tp:600;st:400;sp:400;\"\n\t\t\t\t\t\t\t\tstyle=\"z-index:5;font-family:'Poppins';\"\n\t\t\t\t\t\t\t>GRAFFITOUR COMUNA 13<br \/>\n&#038; CITY TOUR \n\t\t\t\t\t\t\t<\/rs-layer><!--\n\n\t\t\t\t\t\t\t--><rs-layer\n\t\t\t\t\t\t\t\tid=\"slider-3-slide-10-layer-15\" \n\t\t\t\t\t\t\t\tdata-type=\"text\"\n\t\t\t\t\t\t\t\tdata-color=\"#fff\"\n\t\t\t\t\t\t\t\tdata-tsh=\"c:rgba(0,0,0,0.75);h:5px,4px,3px,1px;b:10px,8px,6px,3px;\"\n\t\t\t\t\t\t\t\tdata-rsp_ch=\"on\"\n\t\t\t\t\t\t\t\tdata-xy=\"xo:229px,189px,-312px,22px;yo:210px,173px,-2186px,270px;\"\n\t\t\t\t\t\t\t\tdata-text=\"w:normal;s:30,24,58,15;l:34,28,67,18;ls:-1,0,0,0;fw:500;\"\n\t\t\t\t\t\t\t\tdata-dim=\"w:auto,auto,833px,auto;minh:0,none,none,none;\"\n\t\t\t\t\t\t\t\tdata-border=\"bor:20px,20px,20px,20px;\"\n\t\t\t\t\t\t\t\tdata-frame_0=\"rY:360deg;\"\n\t\t\t\t\t\t\t\tdata-frame_1=\"e:back.out;st:50;sp:770;sR:50;\"\n\t\t\t\t\t\t\t\tdata-frame_999=\"o:1;st:w;sp:1750;sR:3680;\"\n\t\t\t\t\t\t\t\tdata-frame_999_chars=\"e:power4.inOut;d:10;y:0px;o:0;rX:-90deg;oZ:-50;\"\n\t\t\t\t\t\t\t\tstyle=\"z-index:6;background-color:rgba(10,1,9,0.27);font-family:'Poppins';text-transform:uppercase;\"\n\t\t\t\t\t\t\t>Traslados ida y vuelta<br \/>\nShow de Freestyle Dance<br \/>\nShow de Trova<br \/>\nIngreso casa de Ne\u00f3n<br \/>\nExplicaciones murales<br \/>\nDegustaci\u00f3n gastron\u00f3mica (paleta de mango bich\u00e9)<br \/>\nVisita pueblito paisa<br \/>\nVisita plaza botero<br \/>\nVisita parque de los deseos<br \/>\nVisita parque de los pies descalzos<br \/>\nGu\u00eda<br \/>\nAsistencia M\u00e9dica<br \/>\nAlmuerzo<br \/>\n<br \/>\nValor por persona COP $119.900\u00a0\u00a0<br \/>\nPrivado COP $169.900\u00a0 \n\t\t\t\t\t\t\t<\/rs-layer><!--\n-->\t\t\t\t\t\t<\/rs-slide>\n\t\t\t\t\t<\/rs-slides>\n\t\t\t\t<\/rs-module>\n\t\t\t\t<script>\n\t\t\t\t\tsetREVStartSize({c: 'rev_slider_3_1',rl:[1240,1024,778,480],el:[900,767.989,959.995,719.984],gw:[1240,1024,778,480],gh:[900,768,960,720],type:'standard',justify:'',layout:'fullscreen',offsetContainer:'',offset:'',mh:\"0\"});if (window.RS_MODULES!==undefined && window.RS_MODULES.modules!==undefined && window.RS_MODULES.modules[\"revslider31\"]!==undefined) {window.RS_MODULES.modules[\"revslider31\"].once = false;window.revapi3 = undefined;if (window.RS_MODULES.checkMinimal!==undefined) window.RS_MODULES.checkMinimal()}\n\t\t\t\t<\/script>\n\t\t\t<\/rs-module-wrap>\n\t\t\t<!-- END REVOLUTION SLIDER -->\n[\/vc_column][\/vc_row][\/vc_section][vc_section el_id=\u00bbPAQUETES\u00bb][vc_row][vc_column width=\u00bb1\/3&#8243;][vc_text_separator title=\u00bbTOUR GUATAPE\u00bb][vc_hoverbox image=\u00bb287&#8243; primary_title=\u00bb\u00bb hover_title=\u00bbTOUR GUATAP\u00c9\u00bb hover_background_color=\u00bbcustom\u00bb el_width=\u00bb80&#8243; css_animation=\u00bbbounceIn\u00bb]<\/span><\/strong><\/p><p style=\"text-align: left;\"><strong><span style=\"color: #000000;\">LA EXPERIENCIA INCLUYE:<\/span><\/strong><\/p><ul><li style=\"text-align: left;\"><strong><span style=\"color: #000000;\"><span style=\"vertical-align: inherit;\"><span style=\"vertical-align: inherit;\">Traslados ida y vuelta<\/span><\/span><\/span><\/strong><\/li><li style=\"text-align: left;\"><strong><span style=\"color: #000000;\"><span style=\"vertical-align: inherit;\"><span style=\"vertical-align: inherit;\">Refrigerio<\/span><\/span><\/span><\/strong><\/li><li style=\"text-align: left;\"><strong><span style=\"color: #000000;\"><span style=\"vertical-align: inherit;\"><span style=\"vertical-align: inherit;\">Almuerzo<\/span><\/span><\/span><\/strong><\/li><li style=\"text-align: left;\"><strong><span style=\"color: #000000;\"><span style=\"vertical-align: inherit;\"><span style=\"vertical-align: inherit;\">Visita Pueblo el Pe\u00f1ol<\/span><\/span><\/span><\/strong><\/li><li style=\"text-align: left;\"><strong><span style=\"color: #000000;\"><span style=\"vertical-align: inherit;\"><span style=\"vertical-align: inherit;\">Visita Pueblo de Guatap\u00e9<\/span><\/span><\/span><\/strong><\/li><li style=\"text-align: left;\"><strong><span style=\"color: #000000;\"><span style=\"vertical-align: inherit;\"><span style=\"vertical-align: inherit;\">Plaza de Z\u00f3calos, Parque Central, Iglesia<\/span><\/span><\/span><\/strong><\/li><li style=\"text-align: left;\"><strong><span style=\"color: #000000;\"><span style=\"vertical-align: inherit;\"><span style=\"vertical-align: inherit;\">Tour en barco por la represa de Guatape<\/span><\/span><\/span><\/strong><\/li><li style=\"text-align: left;\"><strong><span style=\"color: #000000;\"><span style=\"vertical-align: inherit;\"><span style=\"vertical-align: inherit;\">Visita a la piedra del Pe\u00f1ol (no incluye ingreso)<\/span><\/span><\/span><\/strong><\/li><li style=\"text-align: left;\"><strong><span style=\"color: #000000;\"><span style=\"vertical-align: inherit;\"><span style=\"vertical-align: inherit;\">Gu\u00eda Acompa\u00f1ante<\/span><\/span><\/span><\/strong><\/li><li style=\"text-align: left;\"><strong><span style=\"color: #000000;\"><span style=\"vertical-align: inherit;\"><span style=\"vertical-align: inherit;\">Tarjeta asistencia m\u00e9dica<\/span><\/span><\/span><\/strong><\/li><\/ul><h6 style=\"text-align: center;\"><strong><span style=\"color: #000000;\">TOUR GUATAPE $ 119.900 COP &#8211; USD 34<\/span><\/strong><\/h6><h6 style=\"text-align: center;\"><strong><span style=\"color: #000000;\">PRIVADO $ 169.900 COP &#8211; USD 40<\/span><\/strong><\/h6><p><strong><span style=\"color: #000000;\">[\/vc_hoverbox][\/vc_column][vc_column width=\u00bb1\/3&#8243;][vc_text_separator title=\u00bbGraffitour Comuna 13&#8243; style=\u00bbshadow\u00bb css_animation=\u00bbfadeIn\u00bb][vc_hoverbox image=\u00bb275&#8243; primary_title=\u00bb\u00bb hover_title=\u00bbGRAFFITOUR COMUNA 13&#8243; hover_background_color=\u00bbcustom\u00bb el_width=\u00bb90&#8243; css_animation=\u00bbfadeInDown\u00bb]<\/span><\/strong><\/p><p style=\"text-align: left;\"><strong><span style=\"color: #000000;\">LA EXPERIENCIA INCLUYE:<\/span><\/strong><\/p><ul style=\"text-align: left;\"><li><strong><span style=\"color: #000000;\">Traslado ida y vuelta<\/span><\/strong><\/li><li><strong><span style=\"color: #000000;\">Show freestyle dance<\/span><\/strong><\/li><li><strong><span style=\"color: #000000;\">Improvisaci\u00f3n Hip Hop<\/span><\/strong><\/li><li><strong><span style=\"color: #000000;\">Entrada galer\u00eda, casa de ne\u00f3n<\/span><\/strong><\/li><li><strong><span style=\"color: #000000;\">Explicaci\u00f3n de murales<\/span><\/strong><\/li><li><strong><span style=\"color: #000000;\">Gu\u00eda local<\/span><\/strong><\/li><\/ul><h6 style=\"text-align: center;\"><strong><span style=\"color: #000000;\">Graffitour Comuna 13 $ 69.900 COP &#8211; USD 18<\/span><\/strong><\/h6><h6 style=\"text-align: center;\"><strong><span style=\"color: #000000;\">PRIVADO $ 99.900 COP &#8211; USD 25<\/span><\/strong><\/h6><p><strong><span style=\"color: #000000;\">[\/vc_hoverbox][\/vc_column][vc_column width=\u00bb1\/3&#8243;][vc_text_separator title=\u00bbCITY TOUR\u00bb style=\u00bbshadow\u00bb][vc_hoverbox image=\u00bb296&#8243; primary_title=\u00bb\u00bb hover_title=\u00bbCITY TOUR\u00bb hover_background_color=\u00bbcustom\u00bb el_width=\u00bb80&#8243; css_animation=\u00bbzoomIn\u00bb]<\/span><\/strong><\/p><p style=\"text-align: left;\"><strong><span style=\"color: #000000;\">LA EXPERIENCIA INCLUYE:<\/span><\/strong><\/p><ul><li style=\"text-align: left;\"><strong><span style=\"color: #000000;\">Traslado ida y vuelta desde el lugar de hospedaje<\/span><\/strong><\/li><li style=\"text-align: left;\"><strong><span style=\"color: #000000;\">Gu\u00eda acompa\u00f1ante<\/span><\/strong><\/li><li style=\"text-align: left;\"><strong><span style=\"color: #000000;\">Visita sitio emblem\u00e1ticos<\/span><\/strong><\/li><li style=\"text-align: left;\"><strong><span style=\"color: #000000;\">Pueblito paisa<\/span><\/strong><\/li><li style=\"text-align: left;\"><strong><span style=\"color: #000000;\">Plaza Botero<\/span><\/strong><\/li><li style=\"text-align: left;\"><strong><span style=\"color: #000000;\">Parque de los deseos<\/span><\/strong><\/li><li style=\"text-align: left;\"><strong><span style=\"color: #000000;\">Parque de los pies descalzos<\/span><\/strong><\/li><\/ul><h6 style=\"text-align: center;\"><strong><span style=\"color: #000000;\">CITY TOUR $ 69.900 COP &#8211; USD 18<\/span><\/strong><\/h6><h6 style=\"text-align: center;\"><strong><span style=\"color: #000000;\">PRIVADO $ 99.900 COP &#8211; USD 25<\/span><\/strong><\/h6><p><strong><span style=\"color: #000000;\">[\/vc_hoverbox][\/vc_column][\/vc_row][\/vc_section][vc_row][vc_column][vc_column_text]<\/span><\/strong><\/p><h1 style=\"text-align: center;\"><strong><span style=\"color: #000000;\">Experiencias Tur\u00edsticas<\/span><\/strong><\/h1><p><strong><span style=\"color: #000000;\">[\/vc_column_text][vc_separator color=\u00bbcustom\u00bb accent_color=\u00bb#4184bf\u00bb][\/vc_column][\/vc_row][vc_section el_id=\u00bbEXPERIENCIAS\u00bb][vc_row][vc_column width=\u00bb1\/3&#8243;][vc_single_image image=\u00bb335&#8243; img_size=\u00bblarge\u00bb alignment=\u00bbcenter\u00bb style=\u00bbvc_box_shadow_3d\u00bb css_animation=\u00bbzoomIn\u00bb][\/vc_column][vc_column width=\u00bb1\/3&#8243;][vc_single_image image=\u00bb341&#8243; img_size=\u00bblarge\u00bb alignment=\u00bbright\u00bb style=\u00bbvc_box_shadow_3d\u00bb css_animation=\u00bbrotateInDownLeft\u00bb][\/vc_column][vc_column width=\u00bb1\/3&#8243;][vc_single_image image=\u00bb345&#8243; img_size=\u00bblarge\u00bb alignment=\u00bbright\u00bb css_animation=\u00bbrotateInUpLeft\u00bb][\/vc_column][\/vc_row][\/vc_section1<\/span><\/strong><\/p>\t\t\t\t\t\t<\/div>\n\t\t\t\t<\/div>\n\t\t\t\t\t<\/div>\n\t\t<\/div>\n\t\t\t\t\t\t\t<\/div>\n\t\t<\/section>\n\t\t\t\t\t\t\t<\/div>\n\t\t","protected":false},"excerpt":{"rendered":"<p>[vc_row][vc_column][vc_column_text][\/vc_column_text][\/vc_column][\/vc_row][vc_section][vc_row full_width=\u00bbstretch_row\u00bb][vc_column][\/vc_column][\/vc_row][\/vc_section][vc_section el_id=\u00bbPAQUETES\u00bb][vc_row][vc_column width=\u00bb1\/3&#8243;][vc_text_separator title=\u00bbTOUR GUATAPE\u00bb][vc_hoverbox image=\u00bb287&#8243; primary_title=\u00bb\u00bb hover_title=\u00bbTOUR GUATAP\u00c9\u00bb hover_background_color=\u00bbcustom\u00bb el_width=\u00bb80&#8243; css_animation=\u00bbbounceIn\u00bb] LA EXPERIENCIA INCLUYE: Traslados ida y vuelta Refrigerio Almuerzo Visita Pueblo el Pe\u00f1ol Visita Pueblo de Guatap\u00e9 Plaza de Z\u00f3calos, Parque Central, Iglesia Tour en barco por la represa de Guatape Visita a la piedra del Pe\u00f1ol (no incluye ingreso) Gu\u00eda Acompa\u00f1ante [&hellip;]<\/p>\n","protected":false},"author":1,"featured_media":291,"parent":0,"menu_order":0,"comment_status":"closed","ping_status":"closed","template":"elementor_header_footer","meta":{"om_disable_all_campaigns":false,"_mi_skip_tracking":false,"_joinchat":{"telephone":"+573187010083"}},"acf":[],"_links":{"self":[{"href":"https:\/\/evoltour.com\/index.php?rest_route=\/wp\/v2\/pages\/119"}],"collection":[{"href":"https:\/\/evoltour.com\/index.php?rest_route=\/wp\/v2\/pages"}],"about":[{"href":"https:\/\/evoltour.com\/index.php?rest_route=\/wp\/v2\/types\/page"}],"author":[{"embeddable":true,"href":"https:\/\/evoltour.com\/index.php?rest_route=\/wp\/v2\/users\/1"}],"replies":[{"embeddable":true,"href":"https:\/\/evoltour.com\/index.php?rest_route=%2Fwp%2Fv2%2Fcomments&post=119"}],"version-history":[{"count":450,"href":"https:\/\/evoltour.com\/index.php?rest_route=\/wp\/v2\/pages\/119\/revisions"}],"predecessor-version":[{"id":746,"href":"https:\/\/evoltour.com\/index.php?rest_route=\/wp\/v2\/pages\/119\/revisions\/746"}],"wp:featuredmedia":[{"embeddable":true,"href":"https:\/\/evoltour.com\/index.php?rest_route=\/wp\/v2\/media\/291"}],"wp:attachment":[{"href":"https:\/\/evoltour.com\/index.php?rest_route=%2Fwp%2Fv2%2Fmedia&parent=119"}],"curies":[{"name":"wp","href":"https:\/\/api.w.org\/{rel}","templated":true}]}}